{"id":223,"date":"2017-08-18T09:07:37","date_gmt":"2017-08-18T09:07:37","guid":{"rendered":"http:\/\/trendion.axiomthemes.com\/?page_id=223"},"modified":"2019-11-13T11:11:14","modified_gmt":"2019-11-13T14:11:14","slug":"home-1","status":"publish","type":"page","link":"https:\/\/vogliaortopedia.com.br\/blog\/","title":{"rendered":"Home 1"},"content":{"rendered":"","protected":false},"excerpt":{"rendered":"","protected":false},"author":1,"featured_media":0,"parent":0,"menu_order":0,"comment_status":"closed","ping_status":"closed","template":"blog.php","meta":{"footnotes":""},"class_list":["post-223","page","type-page","status-publish","hentry"],"yoast_head":"<!-- This site is optimized with the Yoast SEO plugin v27.4 - https:\/\/yoast.com\/product\/yoast-seo-wordpress\/ -->\n<title>Conte\u00fados e muita informa\u00e7\u00e3o para voc\u00ea e sua sa\u00fade - Voglia Ortopedia<\/title>\n<meta name=\"robots\" content=\"index, follow, max-snippet:-1, max-image-preview:large, max-video-preview:-1\" \/>\n<link rel=\"canonical\" href=\"https:\/\/vogliaortopedia.com.br\/blog\/\" \/>\n<meta property=\"og:locale\" content=\"pt_BR\" \/>\n<meta property=\"og:type\" content=\"article\" \/>\n<meta property=\"og:title\" content=\"Conte\u00fados e muita informa\u00e7\u00e3o para voc\u00ea e sua sa\u00fade - Voglia Ortopedia\" \/>\n<meta property=\"og:url\" content=\"https:\/\/vogliaortopedia.com.br\/blog\/\" \/>\n<meta property=\"og:site_name\" content=\"Voglia Ortopedia\" \/>\n<meta property=\"article:publisher\" content=\"http:\/\/facebook.com\/voglia.ortopedia\" \/>\n<meta property=\"article:modified_time\" content=\"2019-11-13T14:11:14+00:00\" \/>\n<meta name=\"twitter:card\" content=\"summary_large_image\" \/>\n<script type=\"application\/ld+json\" class=\"yoast-schema-graph\">{\"@context\":\"https:\\\/\\\/schema.org\",\"@graph\":[{\"@type\":\"WebPage\",\"@id\":\"https:\\\/\\\/vogliaortopedia.com.br\\\/blog\\\/\",\"url\":\"https:\\\/\\\/vogliaortopedia.com.br\\\/blog\\\/\",\"name\":\"Conte\u00fados e muita informa\u00e7\u00e3o para voc\u00ea e sua sa\u00fade - Voglia Ortopedia\",\"isPartOf\":{\"@id\":\"https:\\\/\\\/vogliaortopedia.com.br\\\/blog\\\/#website\"},\"datePublished\":\"2017-08-18T09:07:37+00:00\",\"dateModified\":\"2019-11-13T14:11:14+00:00\",\"breadcrumb\":{\"@id\":\"https:\\\/\\\/vogliaortopedia.com.br\\\/blog\\\/#breadcrumb\"},\"inLanguage\":\"pt-BR\",\"potentialAction\":[{\"@type\":\"ReadAction\",\"target\":[\"https:\\\/\\\/vogliaortopedia.com.br\\\/blog\\\/\"]}]},{\"@type\":\"BreadcrumbList\",\"@id\":\"https:\\\/\\\/vogliaortopedia.com.br\\\/blog\\\/#breadcrumb\",\"itemListElement\":[{\"@type\":\"ListItem\",\"position\":1,\"name\":\"In\u00edcio\",\"item\":\"https:\\\/\\\/vogliaortopedia.com.br\\\/blog\\\/\"},{\"@type\":\"ListItem\",\"position\":2,\"name\":\"Home 1\"}]},{\"@type\":\"WebSite\",\"@id\":\"https:\\\/\\\/vogliaortopedia.com.br\\\/blog\\\/#website\",\"url\":\"https:\\\/\\\/vogliaortopedia.com.br\\\/blog\\\/\",\"name\":\"Voglia Ortopedia\",\"description\":\"\",\"publisher\":{\"@id\":\"https:\\\/\\\/vogliaortopedia.com.br\\\/blog\\\/#organization\"},\"potentialAction\":[{\"@type\":\"SearchAction\",\"target\":{\"@type\":\"EntryPoint\",\"urlTemplate\":\"https:\\\/\\\/vogliaortopedia.com.br\\\/blog\\\/?s={search_term_string}\"},\"query-input\":{\"@type\":\"PropertyValueSpecification\",\"valueRequired\":true,\"valueName\":\"search_term_string\"}}],\"inLanguage\":\"pt-BR\"},{\"@type\":\"Organization\",\"@id\":\"https:\\\/\\\/vogliaortopedia.com.br\\\/blog\\\/#organization\",\"name\":\"Voglia Ortopedia\",\"url\":\"https:\\\/\\\/vogliaortopedia.com.br\\\/blog\\\/\",\"logo\":{\"@type\":\"ImageObject\",\"inLanguage\":\"pt-BR\",\"@id\":\"https:\\\/\\\/vogliaortopedia.com.br\\\/blog\\\/#\\\/schema\\\/logo\\\/image\\\/\",\"url\":\"https:\\\/\\\/vogliaortopedia.com.br\\\/blog\\\/wp-content\\\/uploads\\\/2019\\\/09\\\/voglia-favicon.png\",\"contentUrl\":\"https:\\\/\\\/vogliaortopedia.com.br\\\/blog\\\/wp-content\\\/uploads\\\/2019\\\/09\\\/voglia-favicon.png\",\"width\":512,\"height\":512,\"caption\":\"Voglia Ortopedia\"},\"image\":{\"@id\":\"https:\\\/\\\/vogliaortopedia.com.br\\\/blog\\\/#\\\/schema\\\/logo\\\/image\\\/\"},\"sameAs\":[\"http:\\\/\\\/facebook.com\\\/voglia.ortopedia\",\"http:\\\/\\\/instagram.com\\\/voglia.ortopedia\"]}]}<\/script>\n<!-- \/ Yoast SEO plugin. -->","yoast_head_json":{"title":"Conte\u00fados e muita informa\u00e7\u00e3o para voc\u00ea e sua sa\u00fade - Voglia Ortopedia","robots":{"index":"index","follow":"follow","max-snippet":"max-snippet:-1","max-image-preview":"max-image-preview:large","max-video-preview":"max-video-preview:-1"},"canonical":"https:\/\/vogliaortopedia.com.br\/blog\/","og_locale":"pt_BR","og_type":"article","og_title":"Conte\u00fados e muita informa\u00e7\u00e3o para voc\u00ea e sua sa\u00fade - Voglia Ortopedia","og_url":"https:\/\/vogliaortopedia.com.br\/blog\/","og_site_name":"Voglia Ortopedia","article_publisher":"http:\/\/facebook.com\/voglia.ortopedia","article_modified_time":"2019-11-13T14:11:14+00:00","twitter_card":"summary_large_image","schema":{"@context":"https:\/\/schema.org","@graph":[{"@type":"WebPage","@id":"https:\/\/vogliaortopedia.com.br\/blog\/","url":"https:\/\/vogliaortopedia.com.br\/blog\/","name":"Conte\u00fados e muita informa\u00e7\u00e3o para voc\u00ea e sua sa\u00fade - Voglia Ortopedia","isPartOf":{"@id":"https:\/\/vogliaortopedia.com.br\/blog\/#website"},"datePublished":"2017-08-18T09:07:37+00:00","dateModified":"2019-11-13T14:11:14+00:00","breadcrumb":{"@id":"https:\/\/vogliaortopedia.com.br\/blog\/#breadcrumb"},"inLanguage":"pt-BR","potentialAction":[{"@type":"ReadAction","target":["https:\/\/vogliaortopedia.com.br\/blog\/"]}]},{"@type":"BreadcrumbList","@id":"https:\/\/vogliaortopedia.com.br\/blog\/#breadcrumb","itemListElement":[{"@type":"ListItem","position":1,"name":"In\u00edcio","item":"https:\/\/vogliaortopedia.com.br\/blog\/"},{"@type":"ListItem","position":2,"name":"Home 1"}]},{"@type":"WebSite","@id":"https:\/\/vogliaortopedia.com.br\/blog\/#website","url":"https:\/\/vogliaortopedia.com.br\/blog\/","name":"Voglia Ortopedia","description":"","publisher":{"@id":"https:\/\/vogliaortopedia.com.br\/blog\/#organization"},"potentialAction":[{"@type":"SearchAction","target":{"@type":"EntryPoint","urlTemplate":"https:\/\/vogliaortopedia.com.br\/blog\/?s={search_term_string}"},"query-input":{"@type":"PropertyValueSpecification","valueRequired":true,"valueName":"search_term_string"}}],"inLanguage":"pt-BR"},{"@type":"Organization","@id":"https:\/\/vogliaortopedia.com.br\/blog\/#organization","name":"Voglia Ortopedia","url":"https:\/\/vogliaortopedia.com.br\/blog\/","logo":{"@type":"ImageObject","inLanguage":"pt-BR","@id":"https:\/\/vogliaortopedia.com.br\/blog\/#\/schema\/logo\/image\/","url":"https:\/\/vogliaortopedia.com.br\/blog\/wp-content\/uploads\/2019\/09\/voglia-favicon.png","contentUrl":"https:\/\/vogliaortopedia.com.br\/blog\/wp-content\/uploads\/2019\/09\/voglia-favicon.png","width":512,"height":512,"caption":"Voglia Ortopedia"},"image":{"@id":"https:\/\/vogliaortopedia.com.br\/blog\/#\/schema\/logo\/image\/"},"sameAs":["http:\/\/facebook.com\/voglia.ortopedia","http:\/\/instagram.com\/voglia.ortopedia"]}]}},"_links":{"self":[{"href":"https:\/\/vogliaortopedia.com.br\/blog\/wp-json\/wp\/v2\/pages\/223","targetHints":{"allow":["GET"]}}],"collection":[{"href":"https:\/\/vogliaortopedia.com.br\/blog\/wp-json\/wp\/v2\/pages"}],"about":[{"href":"https:\/\/vogliaortopedia.com.br\/blog\/wp-json\/wp\/v2\/types\/page"}],"author":[{"embeddable":true,"href":"https:\/\/vogliaortopedia.com.br\/blog\/wp-json\/wp\/v2\/users\/1"}],"replies":[{"embeddable":true,"href":"https:\/\/vogliaortopedia.com.br\/blog\/wp-json\/wp\/v2\/comments?post=223"}],"version-history":[{"count":1,"href":"https:\/\/vogliaortopedia.com.br\/blog\/wp-json\/wp\/v2\/pages\/223\/revisions"}],"predecessor-version":[{"id":891,"href":"https:\/\/vogliaortopedia.com.br\/blog\/wp-json\/wp\/v2\/pages\/223\/revisions\/891"}],"wp:attachment":[{"href":"https:\/\/vogliaortopedia.com.br\/blog\/wp-json\/wp\/v2\/media?parent=223"}],"curies":[{"name":"wp","href":"https:\/\/api.w.org\/{rel}","templated":true}]}}